{"id":243173,"date":"2022-03-20T05:30:32","date_gmt":"2022-03-20T12:30:32","guid":{"rendered":"https:\/\/www.dharmaocean.org\/?post_type=product&#038;p=243173"},"modified":"2025-02-09T08:35:42","modified_gmt":"2025-02-09T15:35:42","slug":"monthly-donation-to-dharma-ocean","status":"publish","type":"product","link":"https:\/\/www.dharmaocean.org\/fr\/product\/monthly-donation-to-dharma-ocean\/","title":{"rendered":"DON MENSUEL \u00c0 DHARMA OCEAN"},"content":{"rendered":"<p>Mettez en place un don mensuel r\u00e9current pour soutenir Dharma Ocean dans l'attribution de bourses d'\u00e9tudes.<\/p>","protected":false},"excerpt":{"rendered":"<p>Set up a monthly recurring donation.<\/p>","protected":false},"featured_media":241508,"template":"","meta":{"_et_pb_use_builder":"off","_et_pb_old_content":"","_et_gb_content_width":""},"product_brand":[],"product_cat":[270,316],"product_tag":[],"class_list":{"0":"post-243173","1":"product","2":"type-product","3":"status-publish","4":"has-post-thumbnail","6":"product_cat-donations","7":"product_cat-monthly-donation","9":"first","10":"instock","11":"shipping-taxable","12":"purchasable","13":"product-type-variable-subscription"},"yoast_head":"<!-- This site is optimized with the Yoast SEO plugin v27.5 - https:\/\/yoast.com\/product\/yoast-seo-wordpress\/ -->\n<title>Monthly donation to Dharma Ocean - Dharma Ocean Foundation<\/title>\n<meta name=\"robots\" content=\"index, follow, max-snippet:-1, max-image-preview:large, max-video-preview:-1\" \/>\n<link rel=\"canonical\" href=\"https:\/\/www.dharmaocean.org\/fr\/produit\/monthly-donation-to-dharma-ocean\/\" \/>\n<meta property=\"og:locale\" content=\"fr_FR\" \/>\n<meta property=\"og:type\" content=\"article\" \/>\n<meta property=\"og:title\" content=\"Monthly donation to Dharma Ocean - Dharma Ocean Foundation\" \/>\n<meta property=\"og:description\" content=\"Set up a monthly recurring donation.\" \/>\n<meta property=\"og:url\" content=\"https:\/\/www.dharmaocean.org\/fr\/produit\/monthly-donation-to-dharma-ocean\/\" \/>\n<meta property=\"og:site_name\" content=\"Dharma Ocean Foundation\" \/>\n<meta property=\"article:modified_time\" content=\"2025-02-09T15:35:42+00:00\" \/>\n<meta property=\"og:image\" content=\"https:\/\/cdn.dharmaocean.org\/online-resources\/Somatic-Descent-Yana-Sunflowers-Two.jpg\" \/>\n\t<meta property=\"og:image:width\" content=\"640\" \/>\n\t<meta property=\"og:image:height\" content=\"640\" \/>\n\t<meta property=\"og:image:type\" content=\"image\/jpeg\" \/>\n<meta name=\"twitter:card\" content=\"summary_large_image\" \/>\n<meta name=\"twitter:label1\" content=\"Dur\u00e9e de lecture estim\u00e9e\" \/>\n\t<meta name=\"twitter:data1\" content=\"1 minute\" \/>\n<script type=\"application\/ld+json\" class=\"yoast-schema-graph\">{\"@context\":\"https:\\\/\\\/schema.org\",\"@graph\":[{\"@type\":\"WebPage\",\"@id\":\"https:\\\/\\\/www.dharmaocean.org\\\/product\\\/monthly-donation-to-dharma-ocean\\\/\",\"url\":\"https:\\\/\\\/www.dharmaocean.org\\\/product\\\/monthly-donation-to-dharma-ocean\\\/\",\"name\":\"Monthly donation to Dharma Ocean - Dharma Ocean Foundation\",\"isPartOf\":{\"@id\":\"https:\\\/\\\/www.dharmaocean.org\\\/#website\"},\"primaryImageOfPage\":{\"@id\":\"https:\\\/\\\/www.dharmaocean.org\\\/product\\\/monthly-donation-to-dharma-ocean\\\/#primaryimage\"},\"image\":{\"@id\":\"https:\\\/\\\/www.dharmaocean.org\\\/product\\\/monthly-donation-to-dharma-ocean\\\/#primaryimage\"},\"thumbnailUrl\":\"https:\\\/\\\/cdn.dharmaocean.org\\\/online-resources\\\/Somatic-Descent-Yana-Sunflowers-Two.jpg\",\"datePublished\":\"2022-03-20T12:30:32+00:00\",\"dateModified\":\"2025-02-09T15:35:42+00:00\",\"breadcrumb\":{\"@id\":\"https:\\\/\\\/www.dharmaocean.org\\\/product\\\/monthly-donation-to-dharma-ocean\\\/#breadcrumb\"},\"inLanguage\":\"fr-FR\",\"potentialAction\":[{\"@type\":\"ReadAction\",\"target\":[\"https:\\\/\\\/www.dharmaocean.org\\\/product\\\/monthly-donation-to-dharma-ocean\\\/\"]}]},{\"@type\":\"ImageObject\",\"inLanguage\":\"fr-FR\",\"@id\":\"https:\\\/\\\/www.dharmaocean.org\\\/product\\\/monthly-donation-to-dharma-ocean\\\/#primaryimage\",\"url\":\"https:\\\/\\\/cdn.dharmaocean.org\\\/online-resources\\\/Somatic-Descent-Yana-Sunflowers-Two.jpg\",\"contentUrl\":\"https:\\\/\\\/cdn.dharmaocean.org\\\/online-resources\\\/Somatic-Descent-Yana-Sunflowers-Two.jpg\",\"width\":640,\"height\":640},{\"@type\":\"BreadcrumbList\",\"@id\":\"https:\\\/\\\/www.dharmaocean.org\\\/product\\\/monthly-donation-to-dharma-ocean\\\/#breadcrumb\",\"itemListElement\":[{\"@type\":\"ListItem\",\"position\":1,\"name\":\"Home\",\"item\":\"https:\\\/\\\/www.dharmaocean.org\\\/\"},{\"@type\":\"ListItem\",\"position\":2,\"name\":\"Dharma Ocean Audio Store\",\"item\":\"https:\\\/\\\/www.dharmaocean.org\\\/dharma-ocean-audio-store\\\/\"},{\"@type\":\"ListItem\",\"position\":3,\"name\":\"Monthly donation to Dharma Ocean\"}]},{\"@type\":\"WebSite\",\"@id\":\"https:\\\/\\\/www.dharmaocean.org\\\/#website\",\"url\":\"https:\\\/\\\/www.dharmaocean.org\\\/\",\"name\":\"Dharma Ocean Foundation\",\"description\":\"To uncover the fire of liberating wisdom in everyday life\",\"potentialAction\":[{\"@type\":\"SearchAction\",\"target\":{\"@type\":\"EntryPoint\",\"urlTemplate\":\"https:\\\/\\\/www.dharmaocean.org\\\/?s={search_term_string}\"},\"query-input\":{\"@type\":\"PropertyValueSpecification\",\"valueRequired\":true,\"valueName\":\"search_term_string\"}}],\"inLanguage\":\"fr-FR\"}]}<\/script>\n<!-- \/ Yoast SEO plugin. -->","yoast_head_json":{"title":"Monthly donation to Dharma Ocean - Dharma Ocean Foundation","robots":{"index":"index","follow":"follow","max-snippet":"max-snippet:-1","max-image-preview":"max-image-preview:large","max-video-preview":"max-video-preview:-1"},"canonical":"https:\/\/www.dharmaocean.org\/fr\/produit\/monthly-donation-to-dharma-ocean\/","og_locale":"fr_FR","og_type":"article","og_title":"Monthly donation to Dharma Ocean - Dharma Ocean Foundation","og_description":"Set up a monthly recurring donation.","og_url":"https:\/\/www.dharmaocean.org\/fr\/produit\/monthly-donation-to-dharma-ocean\/","og_site_name":"Dharma Ocean Foundation","article_modified_time":"2025-02-09T15:35:42+00:00","og_image":[{"width":640,"height":640,"url":"https:\/\/cdn.dharmaocean.org\/online-resources\/Somatic-Descent-Yana-Sunflowers-Two.jpg","type":"image\/jpeg"}],"twitter_card":"summary_large_image","twitter_misc":{"Dur\u00e9e de lecture estim\u00e9e":"1 minute"},"schema":{"@context":"https:\/\/schema.org","@graph":[{"@type":"WebPage","@id":"https:\/\/www.dharmaocean.org\/product\/monthly-donation-to-dharma-ocean\/","url":"https:\/\/www.dharmaocean.org\/product\/monthly-donation-to-dharma-ocean\/","name":"Monthly donation to Dharma Ocean - Dharma Ocean Foundation","isPartOf":{"@id":"https:\/\/www.dharmaocean.org\/#website"},"primaryImageOfPage":{"@id":"https:\/\/www.dharmaocean.org\/product\/monthly-donation-to-dharma-ocean\/#primaryimage"},"image":{"@id":"https:\/\/www.dharmaocean.org\/product\/monthly-donation-to-dharma-ocean\/#primaryimage"},"thumbnailUrl":"https:\/\/cdn.dharmaocean.org\/online-resources\/Somatic-Descent-Yana-Sunflowers-Two.jpg","datePublished":"2022-03-20T12:30:32+00:00","dateModified":"2025-02-09T15:35:42+00:00","breadcrumb":{"@id":"https:\/\/www.dharmaocean.org\/product\/monthly-donation-to-dharma-ocean\/#breadcrumb"},"inLanguage":"fr-FR","potentialAction":[{"@type":"ReadAction","target":["https:\/\/www.dharmaocean.org\/product\/monthly-donation-to-dharma-ocean\/"]}]},{"@type":"ImageObject","inLanguage":"fr-FR","@id":"https:\/\/www.dharmaocean.org\/product\/monthly-donation-to-dharma-ocean\/#primaryimage","url":"https:\/\/cdn.dharmaocean.org\/online-resources\/Somatic-Descent-Yana-Sunflowers-Two.jpg","contentUrl":"https:\/\/cdn.dharmaocean.org\/online-resources\/Somatic-Descent-Yana-Sunflowers-Two.jpg","width":640,"height":640},{"@type":"BreadcrumbList","@id":"https:\/\/www.dharmaocean.org\/product\/monthly-donation-to-dharma-ocean\/#breadcrumb","itemListElement":[{"@type":"ListItem","position":1,"name":"Home","item":"https:\/\/www.dharmaocean.org\/"},{"@type":"ListItem","position":2,"name":"Dharma Ocean Audio Store","item":"https:\/\/www.dharmaocean.org\/dharma-ocean-audio-store\/"},{"@type":"ListItem","position":3,"name":"Monthly donation to Dharma Ocean"}]},{"@type":"WebSite","@id":"https:\/\/www.dharmaocean.org\/#website","url":"https:\/\/www.dharmaocean.org\/","name":"Dharma Ocean Foundation","description":"To uncover the fire of liberating wisdom in everyday life","potentialAction":[{"@type":"SearchAction","target":{"@type":"EntryPoint","urlTemplate":"https:\/\/www.dharmaocean.org\/?s={search_term_string}"},"query-input":{"@type":"PropertyValueSpecification","valueRequired":true,"valueName":"search_term_string"}}],"inLanguage":"fr-FR"}]}},"_links":{"self":[{"href":"https:\/\/www.dharmaocean.org\/fr\/wp-json\/wp\/v2\/product\/243173","targetHints":{"allow":["GET"]}}],"collection":[{"href":"https:\/\/www.dharmaocean.org\/fr\/wp-json\/wp\/v2\/product"}],"about":[{"href":"https:\/\/www.dharmaocean.org\/fr\/wp-json\/wp\/v2\/types\/product"}],"wp:featuredmedia":[{"embeddable":true,"href":"https:\/\/www.dharmaocean.org\/fr\/wp-json\/wp\/v2\/media\/241508"}],"wp:attachment":[{"href":"https:\/\/www.dharmaocean.org\/fr\/wp-json\/wp\/v2\/media?parent=243173"}],"wp:term":[{"taxonomy":"product_brand","embeddable":true,"href":"https:\/\/www.dharmaocean.org\/fr\/wp-json\/wp\/v2\/product_brand?post=243173"},{"taxonomy":"product_cat","embeddable":true,"href":"https:\/\/www.dharmaocean.org\/fr\/wp-json\/wp\/v2\/product_cat?post=243173"},{"taxonomy":"product_tag","embeddable":true,"href":"https:\/\/www.dharmaocean.org\/fr\/wp-json\/wp\/v2\/product_tag?post=243173"}],"curies":[{"name":"wp","href":"https:\/\/api.w.org\/{rel}","templated":true}]}}