{"id":243202,"date":"2022-03-20T05:41:01","date_gmt":"2022-03-20T12:41:01","guid":{"rendered":"https:\/\/www.dharmaocean.org\/?post_type=product&#038;p=243202"},"modified":"2025-02-09T10:24:51","modified_gmt":"2025-02-09T17:24:51","slug":"one-time-donation-to-dharma-ocean","status":"publish","type":"product","link":"https:\/\/www.dharmaocean.org\/fr\/product\/one-time-donation-to-dharma-ocean\/","title":{"rendered":"DON UNIQUE \u00c0 DHARMA OCEAN"},"content":{"rendered":"<p><strong>Faites un don unique \u00e0 Dharma Ocean.<\/strong><\/p>\n<p>Pour les dons par carte de cr\u00e9dit, veuillez saisir le montant que vous souhaitez donner dans le champ \u00ab Fixez votre prix \u00bb, puis cliquez sur \u00ab Ajouter au panier \u00bb.<\/p>\n<p>Si vous souhaitez envoyer un ch\u00e8que par la poste, veuillez l'\u00e9tablir \u00e0 l'ordre de la Dharma Ocean Foundation.<\/p>\n<p>\u00c0 envoyer \u00e0 : Dharma Ocean Foundation, 3011 Broadway St, Boulder CO 80304<\/p>","protected":false},"excerpt":{"rendered":"<p>&nbsp;<\/p>\n<p>Faites un don unique \u00e0 Dharma Ocean.<\/p>\n<p>&nbsp;<\/p>\n<p>&nbsp;<\/p>","protected":false},"featured_media":243852,"template":"","meta":{"_et_pb_use_builder":"off","_et_pb_old_content":"One Time Donation to Dharma Ocean","_et_gb_content_width":""},"product_brand":[],"product_cat":[270,317],"product_tag":[],"class_list":{"0":"post-243202","1":"product","2":"type-product","3":"status-publish","4":"has-post-thumbnail","6":"product_cat-donations","7":"product_cat-one-time-donation","9":"first","10":"instock","11":"virtual","12":"sold-individually","13":"purchasable","14":"product-type-simple"},"yoast_head":"<!-- This site is optimized with the Yoast SEO plugin v27.6 - https:\/\/yoast.com\/product\/yoast-seo-wordpress\/ -->\n<title>One-time donation to Dharma Ocean - Dharma Ocean Foundation<\/title>\n<meta name=\"robots\" content=\"index, follow, max-snippet:-1, max-image-preview:large, max-video-preview:-1\" \/>\n<link rel=\"canonical\" href=\"https:\/\/www.dharmaocean.org\/fr\/produit\/one-time-donation-to-dharma-ocean\/\" \/>\n<meta property=\"og:locale\" content=\"fr_FR\" \/>\n<meta property=\"og:type\" content=\"article\" \/>\n<meta property=\"og:title\" content=\"One-time donation to Dharma Ocean - Dharma Ocean Foundation\" \/>\n<meta property=\"og:description\" content=\"&nbsp;  Make a one-time donation to Dharma Ocean.  &nbsp;  &nbsp;\" \/>\n<meta property=\"og:url\" content=\"https:\/\/www.dharmaocean.org\/fr\/produit\/one-time-donation-to-dharma-ocean\/\" \/>\n<meta property=\"og:site_name\" content=\"Dharma Ocean Foundation\" \/>\n<meta property=\"article:modified_time\" content=\"2025-02-09T17:24:51+00:00\" \/>\n<meta property=\"og:image\" content=\"https:\/\/cdn.dharmaocean.org\/online-resources\/Checkout-One-Time-Donation-Square-1-scaled.jpeg\" \/>\n\t<meta property=\"og:image:width\" content=\"2560\" \/>\n\t<meta property=\"og:image:height\" content=\"2560\" \/>\n\t<meta property=\"og:image:type\" content=\"image\/jpeg\" \/>\n<meta name=\"twitter:card\" content=\"summary_large_image\" \/>\n<meta name=\"twitter:label1\" content=\"Dur\u00e9e de lecture estim\u00e9e\" \/>\n\t<meta name=\"twitter:data1\" content=\"1 minute\" \/>\n<script type=\"application\/ld+json\" class=\"yoast-schema-graph\">{\"@context\":\"https:\\\/\\\/schema.org\",\"@graph\":[{\"@type\":\"WebPage\",\"@id\":\"https:\\\/\\\/www.dharmaocean.org\\\/product\\\/one-time-donation-to-dharma-ocean\\\/\",\"url\":\"https:\\\/\\\/www.dharmaocean.org\\\/product\\\/one-time-donation-to-dharma-ocean\\\/\",\"name\":\"One-time donation to Dharma Ocean - Dharma Ocean Foundation\",\"isPartOf\":{\"@id\":\"https:\\\/\\\/www.dharmaocean.org\\\/#website\"},\"primaryImageOfPage\":{\"@id\":\"https:\\\/\\\/www.dharmaocean.org\\\/product\\\/one-time-donation-to-dharma-ocean\\\/#primaryimage\"},\"image\":{\"@id\":\"https:\\\/\\\/www.dharmaocean.org\\\/product\\\/one-time-donation-to-dharma-ocean\\\/#primaryimage\"},\"thumbnailUrl\":\"https:\\\/\\\/cdn.dharmaocean.org\\\/online-resources\\\/Checkout-One-Time-Donation-Square-1-scaled.jpeg\",\"datePublished\":\"2022-03-20T12:41:01+00:00\",\"dateModified\":\"2025-02-09T17:24:51+00:00\",\"breadcrumb\":{\"@id\":\"https:\\\/\\\/www.dharmaocean.org\\\/product\\\/one-time-donation-to-dharma-ocean\\\/#breadcrumb\"},\"inLanguage\":\"fr-FR\",\"potentialAction\":[{\"@type\":\"ReadAction\",\"target\":[\"https:\\\/\\\/www.dharmaocean.org\\\/product\\\/one-time-donation-to-dharma-ocean\\\/\"]}]},{\"@type\":\"ImageObject\",\"inLanguage\":\"fr-FR\",\"@id\":\"https:\\\/\\\/www.dharmaocean.org\\\/product\\\/one-time-donation-to-dharma-ocean\\\/#primaryimage\",\"url\":\"https:\\\/\\\/cdn.dharmaocean.org\\\/online-resources\\\/Checkout-One-Time-Donation-Square-1-scaled.jpeg\",\"contentUrl\":\"https:\\\/\\\/cdn.dharmaocean.org\\\/online-resources\\\/Checkout-One-Time-Donation-Square-1-scaled.jpeg\",\"width\":2560,\"height\":2560},{\"@type\":\"BreadcrumbList\",\"@id\":\"https:\\\/\\\/www.dharmaocean.org\\\/product\\\/one-time-donation-to-dharma-ocean\\\/#breadcrumb\",\"itemListElement\":[{\"@type\":\"ListItem\",\"position\":1,\"name\":\"Home\",\"item\":\"https:\\\/\\\/www.dharmaocean.org\\\/\"},{\"@type\":\"ListItem\",\"position\":2,\"name\":\"Dharma Ocean Audio Store\",\"item\":\"https:\\\/\\\/www.dharmaocean.org\\\/dharma-ocean-audio-store\\\/\"},{\"@type\":\"ListItem\",\"position\":3,\"name\":\"One-time donation to Dharma Ocean\"}]},{\"@type\":\"WebSite\",\"@id\":\"https:\\\/\\\/www.dharmaocean.org\\\/#website\",\"url\":\"https:\\\/\\\/www.dharmaocean.org\\\/\",\"name\":\"Dharma Ocean Foundation\",\"description\":\"To uncover the fire of liberating wisdom in everyday life\",\"potentialAction\":[{\"@type\":\"SearchAction\",\"target\":{\"@type\":\"EntryPoint\",\"urlTemplate\":\"https:\\\/\\\/www.dharmaocean.org\\\/?s={search_term_string}\"},\"query-input\":{\"@type\":\"PropertyValueSpecification\",\"valueRequired\":true,\"valueName\":\"search_term_string\"}}],\"inLanguage\":\"fr-FR\"}]}<\/script>\n<!-- \/ Yoast SEO plugin. -->","yoast_head_json":{"title":"One-time donation to Dharma Ocean - Dharma Ocean Foundation","robots":{"index":"index","follow":"follow","max-snippet":"max-snippet:-1","max-image-preview":"max-image-preview:large","max-video-preview":"max-video-preview:-1"},"canonical":"https:\/\/www.dharmaocean.org\/fr\/produit\/one-time-donation-to-dharma-ocean\/","og_locale":"fr_FR","og_type":"article","og_title":"One-time donation to Dharma Ocean - Dharma Ocean Foundation","og_description":"&nbsp;  Make a one-time donation to Dharma Ocean.  &nbsp;  &nbsp;","og_url":"https:\/\/www.dharmaocean.org\/fr\/produit\/one-time-donation-to-dharma-ocean\/","og_site_name":"Dharma Ocean Foundation","article_modified_time":"2025-02-09T17:24:51+00:00","og_image":[{"width":2560,"height":2560,"url":"https:\/\/cdn.dharmaocean.org\/online-resources\/Checkout-One-Time-Donation-Square-1-scaled.jpeg","type":"image\/jpeg"}],"twitter_card":"summary_large_image","twitter_misc":{"Dur\u00e9e de lecture estim\u00e9e":"1 minute"},"schema":{"@context":"https:\/\/schema.org","@graph":[{"@type":"WebPage","@id":"https:\/\/www.dharmaocean.org\/product\/one-time-donation-to-dharma-ocean\/","url":"https:\/\/www.dharmaocean.org\/product\/one-time-donation-to-dharma-ocean\/","name":"One-time donation to Dharma Ocean - Dharma Ocean Foundation","isPartOf":{"@id":"https:\/\/www.dharmaocean.org\/#website"},"primaryImageOfPage":{"@id":"https:\/\/www.dharmaocean.org\/product\/one-time-donation-to-dharma-ocean\/#primaryimage"},"image":{"@id":"https:\/\/www.dharmaocean.org\/product\/one-time-donation-to-dharma-ocean\/#primaryimage"},"thumbnailUrl":"https:\/\/cdn.dharmaocean.org\/online-resources\/Checkout-One-Time-Donation-Square-1-scaled.jpeg","datePublished":"2022-03-20T12:41:01+00:00","dateModified":"2025-02-09T17:24:51+00:00","breadcrumb":{"@id":"https:\/\/www.dharmaocean.org\/product\/one-time-donation-to-dharma-ocean\/#breadcrumb"},"inLanguage":"fr-FR","potentialAction":[{"@type":"ReadAction","target":["https:\/\/www.dharmaocean.org\/product\/one-time-donation-to-dharma-ocean\/"]}]},{"@type":"ImageObject","inLanguage":"fr-FR","@id":"https:\/\/www.dharmaocean.org\/product\/one-time-donation-to-dharma-ocean\/#primaryimage","url":"https:\/\/cdn.dharmaocean.org\/online-resources\/Checkout-One-Time-Donation-Square-1-scaled.jpeg","contentUrl":"https:\/\/cdn.dharmaocean.org\/online-resources\/Checkout-One-Time-Donation-Square-1-scaled.jpeg","width":2560,"height":2560},{"@type":"BreadcrumbList","@id":"https:\/\/www.dharmaocean.org\/product\/one-time-donation-to-dharma-ocean\/#breadcrumb","itemListElement":[{"@type":"ListItem","position":1,"name":"Home","item":"https:\/\/www.dharmaocean.org\/"},{"@type":"ListItem","position":2,"name":"Dharma Ocean Audio Store","item":"https:\/\/www.dharmaocean.org\/dharma-ocean-audio-store\/"},{"@type":"ListItem","position":3,"name":"One-time donation to Dharma Ocean"}]},{"@type":"WebSite","@id":"https:\/\/www.dharmaocean.org\/#website","url":"https:\/\/www.dharmaocean.org\/","name":"Dharma Ocean Foundation","description":"To uncover the fire of liberating wisdom in everyday life","potentialAction":[{"@type":"SearchAction","target":{"@type":"EntryPoint","urlTemplate":"https:\/\/www.dharmaocean.org\/?s={search_term_string}"},"query-input":{"@type":"PropertyValueSpecification","valueRequired":true,"valueName":"search_term_string"}}],"inLanguage":"fr-FR"}]}},"_links":{"self":[{"href":"https:\/\/www.dharmaocean.org\/fr\/wp-json\/wp\/v2\/product\/243202","targetHints":{"allow":["GET"]}}],"collection":[{"href":"https:\/\/www.dharmaocean.org\/fr\/wp-json\/wp\/v2\/product"}],"about":[{"href":"https:\/\/www.dharmaocean.org\/fr\/wp-json\/wp\/v2\/types\/product"}],"wp:featuredmedia":[{"embeddable":true,"href":"https:\/\/www.dharmaocean.org\/fr\/wp-json\/wp\/v2\/media\/243852"}],"wp:attachment":[{"href":"https:\/\/www.dharmaocean.org\/fr\/wp-json\/wp\/v2\/media?parent=243202"}],"wp:term":[{"taxonomy":"product_brand","embeddable":true,"href":"https:\/\/www.dharmaocean.org\/fr\/wp-json\/wp\/v2\/product_brand?post=243202"},{"taxonomy":"product_cat","embeddable":true,"href":"https:\/\/www.dharmaocean.org\/fr\/wp-json\/wp\/v2\/product_cat?post=243202"},{"taxonomy":"product_tag","embeddable":true,"href":"https:\/\/www.dharmaocean.org\/fr\/wp-json\/wp\/v2\/product_tag?post=243202"}],"curies":[{"name":"wp","href":"https:\/\/api.w.org\/{rel}","templated":true}]}}