{"id":243760,"date":"2022-03-24T07:26:48","date_gmt":"2022-03-24T14:26:48","guid":{"rendered":"https:\/\/www.dharmaocean.org\/product\/dathun-2011-12-volume-ii\/"},"modified":"2025-09-24T15:35:48","modified_gmt":"2025-09-24T21:35:48","slug":"dathun-2011-12-volume-ii","status":"publish","type":"product","link":"https:\/\/www.dharmaocean.org\/fr\/product\/dathun-2011-12-volume-ii\/","title":{"rendered":"Dath\u00fcn 2011-12 Volume II"},"content":{"rendered":"<div class=\"et_pb_module et_pb_text et_pb_text_8 et_pb_text_align_justified et_pb_bg_layout_light\">\n<div class=\"et_pb_text_inner\">\n<div class=\"et_pb_module et_pb_text et_pb_text_9 et_pb_text_align_justified et_pb_bg_layout_light\">\n<div class=\"et_pb_text_inner\">\n<div class=\"et_pb_module et_pb_text et_pb_text_1 et_pb_text_align_left et_pb_bg_layout_light\">\n<div class=\"et_pb_text_inner\">\n<p>Dath\u00fcns are rigorous meditation retreats designed for modern spiritual seekers by Ch\u00f6gyam Trungpa Rinpoche. Trungpa incorporated Japanese Zen and Tibetan Vajrayana practices\u2014including sitting and walking meditation and oryoki-style meals\u2014to create a powerful container in which retreatants\u2019 journeys could both deepen and accelerate. Reggie Ray\u2019s dath\u00fcn teachings have enabled thousands of people to enter into and embody their deeper selves through guided meditations, dharma talks, and discussions.<\/p>\n<p>At this dath\u00fcn \u2013 held December 11, 2011 through January 8, 2012 at the Blazing Mountain Retreat Center in Crestone, Colorado \u2013 Dr. Ray began unfolding a new cycle of teachings called awakening the heart. These practices invite us to discover the inherent warmth of limitless space. By bringing together the profound tradition of mahamudra with somatic bodhicitta practices, Dr. Ray demonstrates how our human life is a unique expression of the compassion of the universe. We are shown how resting in the natural state through mahamudra meditation is not at all a way of escaping the suffering of this world. Rather, quite the opposite is the case: we discover that mahamudra is an embodied journey towards becoming ever more open and intimate with each moment of our everyday lives as they are right now \u2013 in this particular way, at this particular moment.<\/p>\n<p>Highlights Include:<\/p>\n<ul>\n<li>Awakening the Heart<\/li>\n<li>Embodied Mahamudra<\/li>\n<li>The Seven Limbed Bodhicitta Training<\/li>\n<li>Knowledge of the Heart<\/li>\n<li>Teacher-Student Relationship<\/li>\n<li>Four Immeasurables Practice<\/li>\n<li>The Meaning of Refuge<\/li>\n<li>The Bodhisattva Commitment<\/li>\n<\/ul>\n<\/div>\n<\/div>\n<\/div>\n<\/div>\n<div class=\"et_pb_module et_pb_blurb et_pb_blurb_3 et_clickable et_pb_text_align_left et_pb_blurb_position_left et_pb_bg_layout_light\">\n<div class=\"et_pb_blurb_content\"><\/div>\n<\/div>\n<h3>Mentor<\/h3>\n<p><span data-sheets-value=\"{&quot;1&quot;:2,&quot;2&quot;:&quot;Dr. Reggie Ray&quot;}\" data-sheets-userformat=\"{&quot;2&quot;:579,&quot;3&quot;:{&quot;1&quot;:0},&quot;4&quot;:{&quot;1&quot;:2,&quot;2&quot;:15987699},&quot;9&quot;:0,&quot;12&quot;:0}\">Dr. Reggie Ray<\/span><\/p>\n<\/div>\n<\/div>\n<div class=\"et_pb_module et_pb_text et_pb_text_9 et_pb_text_align_justified et_pb_bg_layout_light\">\n<div class=\"et_pb_text_inner\">\n<h3>Table of Contents<\/h3>\n<\/div>\n<\/div>\n<div class=\"et_pb_module et_pb_blurb et_pb_blurb_3 et_clickable et_pb_text_align_left et_pb_blurb_position_left et_pb_bg_layout_light\">\n<div class=\"et_pb_blurb_content\">\n<div class=\"et_pb_blurb_container\">\n<div class=\"et_pb_blurb_description\">\n<p><span data-sheets-value=\"{&quot;1&quot;:2,&quot;2&quot;:&quot;            &lt;j class=&#039;s3mvlink&#039;&gt;&lt;i class=&quot;fa fa-file-pdf-o fa-2x&quot; valign=&#039;top&#039;&gt;&lt;\/i&gt; &lt;a href=&#039;https:\/\/www.dharmaocean.org\/wp-content\/plugins\/S3MediaVaultPro\/web\/viewer2.php?file=https%3A%2F%2Fdo-audio.s3.amazonaws.com%2FDathun-Online-2014-15-Table-of-Contents.pdf%3FX-Amz-Content-Sha256%3DUNSIGNED-PAYLOAD%26X-Amz-Algorithm%3DAWS4-HMAC-SHA256%26X-Amz-Credential%3DAKIA32WZAQP5CMHHSX6D%252F20260503%252Fus-east-1%252Fs3%252Faws4_request%26X-Amz-Date%3D20260503T232018Z%26X-Amz-SignedHeaders%3Dhost%26X-Amz-Expires%3D12000%26X-Amz-Signature%3D6a426dfb6690150c7de145dd4c77f8680307574e2fddc529d084990a41d4bf5e&#039; target=&#039;_blank&#039;&gt;View PDF &gt;&gt; &#039;Dathun-Online-2014-15-Table-of-Contents.pdf&#039; &lt;\/a&gt;&lt;\/j&gt;&lt;br\/&gt;&lt;br\/&gt;&quot;}\" data-sheets-userformat=\"{&quot;2&quot;:4739,&quot;3&quot;:{&quot;1&quot;:0},&quot;4&quot;:{&quot;1&quot;:2,&quot;2&quot;:16054008},&quot;10&quot;:2,&quot;12&quot;:0,&quot;15&quot;:&quot;Arial&quot;}\">\r\n            <j class='s3mvlink'><i class=\"fa fa-file-pdf-o fa-2x\" valign='top'><\/i> <a href='https:\/\/www.dharmaocean.org\/fr\/wp-content\/plugins\/S3MediaVaultPro\/web\/viewer2.php\/?file=https%3A%2F%2Fdo-audio.s3.amazonaws.com%2FDathun-2011-12-Volume-II-Table-of-Contents-v202203.pdf%3FX-Amz-Content-Sha256%3DUNSIGNED-PAYLOAD%26X-Amz-Algorithm%3DAWS4-HMAC-SHA256%26X-Amz-Credential%3DAKIA32WZAQP5CMHHSX6D%252F20260503%252Fus-east-1%252Fs3%252Faws4_request%26X-Amz-Date%3D20260503T232018Z%26X-Amz-SignedHeaders%3Dhost%26X-Amz-Expires%3D12000%26X-Amz-Signature%3D8830ced4523972a3b4e6805967ed1a80464392d0ce92299249b328f81ebdd9b9' target='_blank'>View PDF >> 'Dathun-2011-12-Volume-II-Table-of-Contents-v202203.pdf' <\/a><\/j><br\/><br\/><\/span><\/p>\n<\/div>\n<\/div>\n<\/div>\n<\/div>","protected":false},"excerpt":{"rendered":"<p>Dath\u00fcns are rigorous meditation retreats designed for modern spiritual seekers by Ch\u00f6gyam Trungpa Rinpoche. Trungpa incorporated Japanese Zen and Tibetan Vajrayana practices\u2014including sitting and walking meditation and oryoki-style meals\u2014to create [&hellip;]<\/p>\n","protected":false},"featured_media":241946,"template":"","meta":{"_et_pb_use_builder":"off","_et_pb_old_content":"","_et_gb_content_width":""},"product_brand":[],"product_cat":[484],"product_tag":[475,473,471,477,476,422,412,478,421,350,321,474],"class_list":{"0":"post-243760","1":"product","2":"type-product","3":"status-publish","4":"has-post-thumbnail","6":"product_cat-yana-of-great-compassion-audio","7":"product_tag-awakening-the-heart","8":"product_tag-bodhicitta","9":"product_tag-chogyam-trungpa","10":"product_tag-compassion","11":"product_tag-cultivating-bodhicitta","12":"product_tag-dathun","13":"product_tag-mahamudra","14":"product_tag-maitri","15":"product_tag-meditation-yana-archive","16":"product_tag-online-retreat","17":"product_tag-residential-retreat","18":"product_tag-seven-limbed-bodhicitta-training","20":"first","21":"instock","22":"downloadable","23":"shipping-taxable","24":"purchasable","25":"product-type-simple"},"yoast_head":"<!-- This site is optimized with the Yoast SEO plugin v27.5 - https:\/\/yoast.com\/product\/yoast-seo-wordpress\/ -->\n<title>Dath\u00fcn 2011-12 Volume II - Dharma Ocean Foundation<\/title>\n<meta name=\"robots\" content=\"index, follow, max-snippet:-1, max-image-preview:large, max-video-preview:-1\" \/>\n<link rel=\"canonical\" href=\"https:\/\/www.dharmaocean.org\/fr\/produit\/dathun-2011-12-volume-ii\/\" \/>\n<meta property=\"og:locale\" content=\"fr_FR\" \/>\n<meta property=\"og:type\" content=\"article\" \/>\n<meta property=\"og:title\" content=\"Dath\u00fcn 2011-12 Volume II - Dharma Ocean Foundation\" \/>\n<meta property=\"og:description\" content=\"Dath\u00fcns are rigorous meditation retreats designed for modern spiritual seekers by Ch\u00f6gyam Trungpa Rinpoche. Trungpa incorporated Japanese Zen and Tibetan Vajrayana practices\u2014including sitting and walking meditation and oryoki-style meals\u2014to create [&hellip;]\" \/>\n<meta property=\"og:url\" content=\"https:\/\/www.dharmaocean.org\/fr\/produit\/dathun-2011-12-volume-ii\/\" \/>\n<meta property=\"og:site_name\" content=\"Dharma Ocean Foundation\" \/>\n<meta property=\"article:modified_time\" content=\"2025-09-24T21:35:48+00:00\" \/>\n<meta property=\"og:image\" content=\"https:\/\/cdn.dharmaocean.org\/online-resources\/Asset-431d-Padma-Red-300dpi.png\" \/>\n\t<meta property=\"og:image:width\" content=\"2101\" \/>\n\t<meta property=\"og:image:height\" content=\"2100\" \/>\n\t<meta property=\"og:image:type\" content=\"image\/png\" \/>\n<meta name=\"twitter:card\" content=\"summary_large_image\" \/>\n<meta name=\"twitter:label1\" content=\"Dur\u00e9e de lecture estim\u00e9e\" \/>\n\t<meta name=\"twitter:data1\" content=\"2 minutes\" \/>\n<script type=\"application\/ld+json\" class=\"yoast-schema-graph\">{\"@context\":\"https:\\\/\\\/schema.org\",\"@graph\":[{\"@type\":\"WebPage\",\"@id\":\"https:\\\/\\\/www.dharmaocean.org\\\/product\\\/dathun-2011-12-volume-ii\\\/\",\"url\":\"https:\\\/\\\/www.dharmaocean.org\\\/product\\\/dathun-2011-12-volume-ii\\\/\",\"name\":\"Dath\u00fcn 2011-12 Volume II - Dharma Ocean Foundation\",\"isPartOf\":{\"@id\":\"https:\\\/\\\/www.dharmaocean.org\\\/#website\"},\"primaryImageOfPage\":{\"@id\":\"https:\\\/\\\/www.dharmaocean.org\\\/product\\\/dathun-2011-12-volume-ii\\\/#primaryimage\"},\"image\":{\"@id\":\"https:\\\/\\\/www.dharmaocean.org\\\/product\\\/dathun-2011-12-volume-ii\\\/#primaryimage\"},\"thumbnailUrl\":\"https:\\\/\\\/cdn.dharmaocean.org\\\/online-resources\\\/Asset-431d-Padma-Red-300dpi.png\",\"datePublished\":\"2022-03-24T14:26:48+00:00\",\"dateModified\":\"2025-09-24T21:35:48+00:00\",\"breadcrumb\":{\"@id\":\"https:\\\/\\\/www.dharmaocean.org\\\/product\\\/dathun-2011-12-volume-ii\\\/#breadcrumb\"},\"inLanguage\":\"fr-FR\",\"potentialAction\":[{\"@type\":\"ReadAction\",\"target\":[\"https:\\\/\\\/www.dharmaocean.org\\\/product\\\/dathun-2011-12-volume-ii\\\/\"]}]},{\"@type\":\"ImageObject\",\"inLanguage\":\"fr-FR\",\"@id\":\"https:\\\/\\\/www.dharmaocean.org\\\/product\\\/dathun-2011-12-volume-ii\\\/#primaryimage\",\"url\":\"https:\\\/\\\/cdn.dharmaocean.org\\\/online-resources\\\/Asset-431d-Padma-Red-300dpi.png\",\"contentUrl\":\"https:\\\/\\\/cdn.dharmaocean.org\\\/online-resources\\\/Asset-431d-Padma-Red-300dpi.png\",\"width\":2101,\"height\":2100},{\"@type\":\"BreadcrumbList\",\"@id\":\"https:\\\/\\\/www.dharmaocean.org\\\/product\\\/dathun-2011-12-volume-ii\\\/#breadcrumb\",\"itemListElement\":[{\"@type\":\"ListItem\",\"position\":1,\"name\":\"Home\",\"item\":\"https:\\\/\\\/www.dharmaocean.org\\\/\"},{\"@type\":\"ListItem\",\"position\":2,\"name\":\"Dharma Ocean Audio Store\",\"item\":\"https:\\\/\\\/www.dharmaocean.org\\\/dharma-ocean-audio-store\\\/\"},{\"@type\":\"ListItem\",\"position\":3,\"name\":\"Dath\u00fcn 2011-12 Volume II\"}]},{\"@type\":\"WebSite\",\"@id\":\"https:\\\/\\\/www.dharmaocean.org\\\/#website\",\"url\":\"https:\\\/\\\/www.dharmaocean.org\\\/\",\"name\":\"Dharma Ocean Foundation\",\"description\":\"To uncover the fire of liberating wisdom in everyday life\",\"potentialAction\":[{\"@type\":\"SearchAction\",\"target\":{\"@type\":\"EntryPoint\",\"urlTemplate\":\"https:\\\/\\\/www.dharmaocean.org\\\/?s={search_term_string}\"},\"query-input\":{\"@type\":\"PropertyValueSpecification\",\"valueRequired\":true,\"valueName\":\"search_term_string\"}}],\"inLanguage\":\"fr-FR\"}]}<\/script>\n<!-- \/ Yoast SEO plugin. -->","yoast_head_json":{"title":"Dath\u00fcn 2011-12 Volume II - Dharma Ocean Foundation","robots":{"index":"index","follow":"follow","max-snippet":"max-snippet:-1","max-image-preview":"max-image-preview:large","max-video-preview":"max-video-preview:-1"},"canonical":"https:\/\/www.dharmaocean.org\/fr\/produit\/dathun-2011-12-volume-ii\/","og_locale":"fr_FR","og_type":"article","og_title":"Dath\u00fcn 2011-12 Volume II - Dharma Ocean Foundation","og_description":"Dath\u00fcns are rigorous meditation retreats designed for modern spiritual seekers by Ch\u00f6gyam Trungpa Rinpoche. Trungpa incorporated Japanese Zen and Tibetan Vajrayana practices\u2014including sitting and walking meditation and oryoki-style meals\u2014to create [&hellip;]","og_url":"https:\/\/www.dharmaocean.org\/fr\/produit\/dathun-2011-12-volume-ii\/","og_site_name":"Dharma Ocean Foundation","article_modified_time":"2025-09-24T21:35:48+00:00","og_image":[{"width":2101,"height":2100,"url":"https:\/\/cdn.dharmaocean.org\/online-resources\/Asset-431d-Padma-Red-300dpi.png","type":"image\/png"}],"twitter_card":"summary_large_image","twitter_misc":{"Dur\u00e9e de lecture estim\u00e9e":"2 minutes"},"schema":{"@context":"https:\/\/schema.org","@graph":[{"@type":"WebPage","@id":"https:\/\/www.dharmaocean.org\/product\/dathun-2011-12-volume-ii\/","url":"https:\/\/www.dharmaocean.org\/product\/dathun-2011-12-volume-ii\/","name":"Dath\u00fcn 2011-12 Volume II - Dharma Ocean Foundation","isPartOf":{"@id":"https:\/\/www.dharmaocean.org\/#website"},"primaryImageOfPage":{"@id":"https:\/\/www.dharmaocean.org\/product\/dathun-2011-12-volume-ii\/#primaryimage"},"image":{"@id":"https:\/\/www.dharmaocean.org\/product\/dathun-2011-12-volume-ii\/#primaryimage"},"thumbnailUrl":"https:\/\/cdn.dharmaocean.org\/online-resources\/Asset-431d-Padma-Red-300dpi.png","datePublished":"2022-03-24T14:26:48+00:00","dateModified":"2025-09-24T21:35:48+00:00","breadcrumb":{"@id":"https:\/\/www.dharmaocean.org\/product\/dathun-2011-12-volume-ii\/#breadcrumb"},"inLanguage":"fr-FR","potentialAction":[{"@type":"ReadAction","target":["https:\/\/www.dharmaocean.org\/product\/dathun-2011-12-volume-ii\/"]}]},{"@type":"ImageObject","inLanguage":"fr-FR","@id":"https:\/\/www.dharmaocean.org\/product\/dathun-2011-12-volume-ii\/#primaryimage","url":"https:\/\/cdn.dharmaocean.org\/online-resources\/Asset-431d-Padma-Red-300dpi.png","contentUrl":"https:\/\/cdn.dharmaocean.org\/online-resources\/Asset-431d-Padma-Red-300dpi.png","width":2101,"height":2100},{"@type":"BreadcrumbList","@id":"https:\/\/www.dharmaocean.org\/product\/dathun-2011-12-volume-ii\/#breadcrumb","itemListElement":[{"@type":"ListItem","position":1,"name":"Home","item":"https:\/\/www.dharmaocean.org\/"},{"@type":"ListItem","position":2,"name":"Dharma Ocean Audio Store","item":"https:\/\/www.dharmaocean.org\/dharma-ocean-audio-store\/"},{"@type":"ListItem","position":3,"name":"Dath\u00fcn 2011-12 Volume II"}]},{"@type":"WebSite","@id":"https:\/\/www.dharmaocean.org\/#website","url":"https:\/\/www.dharmaocean.org\/","name":"Dharma Ocean Foundation","description":"To uncover the fire of liberating wisdom in everyday life","potentialAction":[{"@type":"SearchAction","target":{"@type":"EntryPoint","urlTemplate":"https:\/\/www.dharmaocean.org\/?s={search_term_string}"},"query-input":{"@type":"PropertyValueSpecification","valueRequired":true,"valueName":"search_term_string"}}],"inLanguage":"fr-FR"}]}},"_links":{"self":[{"href":"https:\/\/www.dharmaocean.org\/fr\/wp-json\/wp\/v2\/product\/243760","targetHints":{"allow":["GET"]}}],"collection":[{"href":"https:\/\/www.dharmaocean.org\/fr\/wp-json\/wp\/v2\/product"}],"about":[{"href":"https:\/\/www.dharmaocean.org\/fr\/wp-json\/wp\/v2\/types\/product"}],"wp:featuredmedia":[{"embeddable":true,"href":"https:\/\/www.dharmaocean.org\/fr\/wp-json\/wp\/v2\/media\/241946"}],"wp:attachment":[{"href":"https:\/\/www.dharmaocean.org\/fr\/wp-json\/wp\/v2\/media?parent=243760"}],"wp:term":[{"taxonomy":"product_brand","embeddable":true,"href":"https:\/\/www.dharmaocean.org\/fr\/wp-json\/wp\/v2\/product_brand?post=243760"},{"taxonomy":"product_cat","embeddable":true,"href":"https:\/\/www.dharmaocean.org\/fr\/wp-json\/wp\/v2\/product_cat?post=243760"},{"taxonomy":"product_tag","embeddable":true,"href":"https:\/\/www.dharmaocean.org\/fr\/wp-json\/wp\/v2\/product_tag?post=243760"}],"curies":[{"name":"wp","href":"https:\/\/api.w.org\/{rel}","templated":true}]}}