{"id":257061,"date":"2023-10-20T06:03:53","date_gmt":"2023-10-20T13:03:53","guid":{"rendered":"https:\/\/www.dharmaocean.org\/?post_type=product&#038;p=257061"},"modified":"2024-05-23T19:15:57","modified_gmt":"2024-05-24T01:15:57","slug":"tantrikas-annual-membership","status":"publish","type":"product","link":"https:\/\/www.dharmaocean.org\/fr\/product\/tantrikas-annual-membership\/","title":{"rendered":"Tantrikas Annual Membership"},"content":{"rendered":"<p>Le plan Tantrikas offre aux pratiquants avanc\u00e9s de Dharma Ocean la possibilit\u00e9 d\u2019approfondir l\u2019\u00e9tude du Vajrayana.<\/p>\n<p><strong>Ce plan inclut tous les avantages des plans Soutien et Yanas de base, avec en prime\u00a0:<\/strong><\/p>\n<ul>\n<li>un \u00e9ventail choisi de m\u00e9ditations guid\u00e9es, d\u2019enseignements, de chants, de transcriptions et d\u2019images issus des programmes de Vajrayana, par exemple des assembl\u00e9es Vajra ou des formations intensives du Vajrayana et du Mahamudra.<\/li>\n<\/ul>\n<p><strong>Ceci inclut les avantages des plans Soutien et Yanas de base\u00a0:\u00a0<\/strong><\/p>\n<ul>\n<li aria-level=\"3\">un ensemble choisi de m\u00e9ditations guid\u00e9es, d\u2019enseignements, de chants, de transcriptions et d\u2019images adapt\u00e9es \u00e0 chacun des yanas du parcours\u00a0;<\/li>\n<li aria-level=\"3\">l\u2019acc\u00e8s aux archives constamment mises \u00e0 jour des enseignements de Reggie et de Caroline (25 ann\u00e9es de contenu), notamment des centaines d\u2019heures d\u2019enregistrements audio et plus de 60 enseignements archiv\u00e9s\u00a0;<\/li>\n<li>les enregistrements des retraites d\u2019introduction ;<\/li>\n<li aria-level=\"2\">\u00e0 des resources pour la pratique (par exemple des chants ou des images destin\u00e9es \u00e0 l\u2019autel)\u00a0;<\/li>\n<li>$100 de rabais sur les formations \u00e0 rythme autonome des yana de base\u00a0;<\/li>\n<li aria-level=\"2\">25% discount on tuition for all online programs<\/li>\n<li aria-level=\"2\">30% de rabais sur tous les titres de la boutique de t\u00e9l\u00e9chargement de Dharma Ocean\u00a0;<\/li>\n<li aria-level=\"2\">30% de rabais sur les ouvrages de Reggie parus aux \u00e9ditions Shambhala\u00a0;<\/li>\n<li>les bulletins \u00e0 venir et l\u2019annonce de nos \u00e9v\u00e9nements\u00a0;<\/li>\n<li aria-level=\"2\">une biblioth\u00e8que d\u2019enseignements choisis et de pratiques audio\u00a0;<\/li>\n<li aria-level=\"2\">les archives audio de Dharma Ocean.<\/li>\n<\/ul>\n<p>Si vous pouvez vous le permettre, nous vous invitons \u00e0 g\u00e9n\u00e9rer du m\u00e9rite en offrant \u00e0 Dharma Ocean un soutien financier plus important. Merci de d\u00e9terminer le montant qui vous semble ad\u00e9quat.<\/p>","protected":false},"excerpt":{"rendered":"<p>A Tantrikas membership provides the opportunity for a senior practitioner of the Dharma Ocean path to enter into deep study of the Vajrayana. Exclusive Tantrikas membership materials: Curated pages offering [&hellip;]<\/p>\n","protected":false},"featured_media":243860,"template":"","meta":{"_et_pb_use_builder":"off","_et_pb_old_content":"","_et_gb_content_width":""},"product_brand":[],"product_cat":[363],"product_tag":[],"class_list":{"0":"post-257061","1":"product","2":"type-product","3":"status-publish","4":"has-post-thumbnail","6":"product_cat-tantrika-memberships","8":"first","9":"instock","10":"shipping-taxable","11":"purchasable","12":"product-type-variable-subscription","13":"has-default-attributes"},"yoast_head":"<!-- This site is optimized with the Yoast SEO plugin v27.5 - https:\/\/yoast.com\/product\/yoast-seo-wordpress\/ -->\n<title>Tantrikas Annual Membership - Dharma Ocean Foundation<\/title>\n<meta name=\"robots\" content=\"index, follow, max-snippet:-1, max-image-preview:large, max-video-preview:-1\" \/>\n<link rel=\"canonical\" href=\"https:\/\/www.dharmaocean.org\/fr\/produit\/tantrikas-annual-membership\/\" \/>\n<meta property=\"og:locale\" content=\"fr_FR\" \/>\n<meta property=\"og:type\" content=\"article\" \/>\n<meta property=\"og:title\" content=\"Tantrikas Annual Membership - Dharma Ocean Foundation\" \/>\n<meta property=\"og:description\" content=\"A Tantrikas membership provides the opportunity for a senior practitioner of the Dharma Ocean path to enter into deep study of the Vajrayana. Exclusive Tantrikas membership materials: Curated pages offering [&hellip;]\" \/>\n<meta property=\"og:url\" content=\"https:\/\/www.dharmaocean.org\/fr\/produit\/tantrikas-annual-membership\/\" \/>\n<meta property=\"og:site_name\" content=\"Dharma Ocean Foundation\" \/>\n<meta property=\"article:modified_time\" content=\"2024-05-24T01:15:57+00:00\" \/>\n<meta property=\"og:image\" content=\"https:\/\/cdn.dharmaocean.org\/online-resources\/Memberships-Training-and-Path-Tantrika-Square.jpeg\" \/>\n\t<meta property=\"og:image:width\" content=\"2556\" \/>\n\t<meta property=\"og:image:height\" content=\"2556\" \/>\n\t<meta property=\"og:image:type\" content=\"image\/jpeg\" \/>\n<meta name=\"twitter:card\" content=\"summary_large_image\" \/>\n<meta name=\"twitter:label1\" content=\"Dur\u00e9e de lecture estim\u00e9e\" \/>\n\t<meta name=\"twitter:data1\" content=\"2 minutes\" \/>\n<script type=\"application\/ld+json\" class=\"yoast-schema-graph\">{\"@context\":\"https:\\\/\\\/schema.org\",\"@graph\":[{\"@type\":\"WebPage\",\"@id\":\"https:\\\/\\\/www.dharmaocean.org\\\/product\\\/tantrikas-annual-membership\\\/\",\"url\":\"https:\\\/\\\/www.dharmaocean.org\\\/product\\\/tantrikas-annual-membership\\\/\",\"name\":\"Tantrikas Annual Membership - Dharma Ocean Foundation\",\"isPartOf\":{\"@id\":\"https:\\\/\\\/www.dharmaocean.org\\\/#website\"},\"primaryImageOfPage\":{\"@id\":\"https:\\\/\\\/www.dharmaocean.org\\\/product\\\/tantrikas-annual-membership\\\/#primaryimage\"},\"image\":{\"@id\":\"https:\\\/\\\/www.dharmaocean.org\\\/product\\\/tantrikas-annual-membership\\\/#primaryimage\"},\"thumbnailUrl\":\"https:\\\/\\\/cdn.dharmaocean.org\\\/online-resources\\\/Memberships-Training-and-Path-Tantrika-Square.jpeg\",\"datePublished\":\"2023-10-20T13:03:53+00:00\",\"dateModified\":\"2024-05-24T01:15:57+00:00\",\"breadcrumb\":{\"@id\":\"https:\\\/\\\/www.dharmaocean.org\\\/product\\\/tantrikas-annual-membership\\\/#breadcrumb\"},\"inLanguage\":\"fr-FR\",\"potentialAction\":[{\"@type\":\"ReadAction\",\"target\":[\"https:\\\/\\\/www.dharmaocean.org\\\/product\\\/tantrikas-annual-membership\\\/\"]}]},{\"@type\":\"ImageObject\",\"inLanguage\":\"fr-FR\",\"@id\":\"https:\\\/\\\/www.dharmaocean.org\\\/product\\\/tantrikas-annual-membership\\\/#primaryimage\",\"url\":\"https:\\\/\\\/cdn.dharmaocean.org\\\/online-resources\\\/Memberships-Training-and-Path-Tantrika-Square.jpeg\",\"contentUrl\":\"https:\\\/\\\/cdn.dharmaocean.org\\\/online-resources\\\/Memberships-Training-and-Path-Tantrika-Square.jpeg\",\"width\":2556,\"height\":2556},{\"@type\":\"BreadcrumbList\",\"@id\":\"https:\\\/\\\/www.dharmaocean.org\\\/product\\\/tantrikas-annual-membership\\\/#breadcrumb\",\"itemListElement\":[{\"@type\":\"ListItem\",\"position\":1,\"name\":\"Home\",\"item\":\"https:\\\/\\\/www.dharmaocean.org\\\/\"},{\"@type\":\"ListItem\",\"position\":2,\"name\":\"Dharma Ocean Audio Store\",\"item\":\"https:\\\/\\\/www.dharmaocean.org\\\/dharma-ocean-audio-store\\\/\"},{\"@type\":\"ListItem\",\"position\":3,\"name\":\"Tantrikas Annual Membership\"}]},{\"@type\":\"WebSite\",\"@id\":\"https:\\\/\\\/www.dharmaocean.org\\\/#website\",\"url\":\"https:\\\/\\\/www.dharmaocean.org\\\/\",\"name\":\"Dharma Ocean Foundation\",\"description\":\"To uncover the fire of liberating wisdom in everyday life\",\"potentialAction\":[{\"@type\":\"SearchAction\",\"target\":{\"@type\":\"EntryPoint\",\"urlTemplate\":\"https:\\\/\\\/www.dharmaocean.org\\\/?s={search_term_string}\"},\"query-input\":{\"@type\":\"PropertyValueSpecification\",\"valueRequired\":true,\"valueName\":\"search_term_string\"}}],\"inLanguage\":\"fr-FR\"}]}<\/script>\n<!-- \/ Yoast SEO plugin. -->","yoast_head_json":{"title":"Tantrikas Annual Membership - Dharma Ocean Foundation","robots":{"index":"index","follow":"follow","max-snippet":"max-snippet:-1","max-image-preview":"max-image-preview:large","max-video-preview":"max-video-preview:-1"},"canonical":"https:\/\/www.dharmaocean.org\/fr\/produit\/tantrikas-annual-membership\/","og_locale":"fr_FR","og_type":"article","og_title":"Tantrikas Annual Membership - Dharma Ocean Foundation","og_description":"A Tantrikas membership provides the opportunity for a senior practitioner of the Dharma Ocean path to enter into deep study of the Vajrayana. Exclusive Tantrikas membership materials: Curated pages offering [&hellip;]","og_url":"https:\/\/www.dharmaocean.org\/fr\/produit\/tantrikas-annual-membership\/","og_site_name":"Dharma Ocean Foundation","article_modified_time":"2024-05-24T01:15:57+00:00","og_image":[{"width":2556,"height":2556,"url":"https:\/\/cdn.dharmaocean.org\/online-resources\/Memberships-Training-and-Path-Tantrika-Square.jpeg","type":"image\/jpeg"}],"twitter_card":"summary_large_image","twitter_misc":{"Dur\u00e9e de lecture estim\u00e9e":"2 minutes"},"schema":{"@context":"https:\/\/schema.org","@graph":[{"@type":"WebPage","@id":"https:\/\/www.dharmaocean.org\/product\/tantrikas-annual-membership\/","url":"https:\/\/www.dharmaocean.org\/product\/tantrikas-annual-membership\/","name":"Tantrikas Annual Membership - Dharma Ocean Foundation","isPartOf":{"@id":"https:\/\/www.dharmaocean.org\/#website"},"primaryImageOfPage":{"@id":"https:\/\/www.dharmaocean.org\/product\/tantrikas-annual-membership\/#primaryimage"},"image":{"@id":"https:\/\/www.dharmaocean.org\/product\/tantrikas-annual-membership\/#primaryimage"},"thumbnailUrl":"https:\/\/cdn.dharmaocean.org\/online-resources\/Memberships-Training-and-Path-Tantrika-Square.jpeg","datePublished":"2023-10-20T13:03:53+00:00","dateModified":"2024-05-24T01:15:57+00:00","breadcrumb":{"@id":"https:\/\/www.dharmaocean.org\/product\/tantrikas-annual-membership\/#breadcrumb"},"inLanguage":"fr-FR","potentialAction":[{"@type":"ReadAction","target":["https:\/\/www.dharmaocean.org\/product\/tantrikas-annual-membership\/"]}]},{"@type":"ImageObject","inLanguage":"fr-FR","@id":"https:\/\/www.dharmaocean.org\/product\/tantrikas-annual-membership\/#primaryimage","url":"https:\/\/cdn.dharmaocean.org\/online-resources\/Memberships-Training-and-Path-Tantrika-Square.jpeg","contentUrl":"https:\/\/cdn.dharmaocean.org\/online-resources\/Memberships-Training-and-Path-Tantrika-Square.jpeg","width":2556,"height":2556},{"@type":"BreadcrumbList","@id":"https:\/\/www.dharmaocean.org\/product\/tantrikas-annual-membership\/#breadcrumb","itemListElement":[{"@type":"ListItem","position":1,"name":"Home","item":"https:\/\/www.dharmaocean.org\/"},{"@type":"ListItem","position":2,"name":"Dharma Ocean Audio Store","item":"https:\/\/www.dharmaocean.org\/dharma-ocean-audio-store\/"},{"@type":"ListItem","position":3,"name":"Tantrikas Annual Membership"}]},{"@type":"WebSite","@id":"https:\/\/www.dharmaocean.org\/#website","url":"https:\/\/www.dharmaocean.org\/","name":"Dharma Ocean Foundation","description":"To uncover the fire of liberating wisdom in everyday life","potentialAction":[{"@type":"SearchAction","target":{"@type":"EntryPoint","urlTemplate":"https:\/\/www.dharmaocean.org\/?s={search_term_string}"},"query-input":{"@type":"PropertyValueSpecification","valueRequired":true,"valueName":"search_term_string"}}],"inLanguage":"fr-FR"}]}},"_links":{"self":[{"href":"https:\/\/www.dharmaocean.org\/fr\/wp-json\/wp\/v2\/product\/257061","targetHints":{"allow":["GET"]}}],"collection":[{"href":"https:\/\/www.dharmaocean.org\/fr\/wp-json\/wp\/v2\/product"}],"about":[{"href":"https:\/\/www.dharmaocean.org\/fr\/wp-json\/wp\/v2\/types\/product"}],"wp:featuredmedia":[{"embeddable":true,"href":"https:\/\/www.dharmaocean.org\/fr\/wp-json\/wp\/v2\/media\/243860"}],"wp:attachment":[{"href":"https:\/\/www.dharmaocean.org\/fr\/wp-json\/wp\/v2\/media?parent=257061"}],"wp:term":[{"taxonomy":"product_brand","embeddable":true,"href":"https:\/\/www.dharmaocean.org\/fr\/wp-json\/wp\/v2\/product_brand?post=257061"},{"taxonomy":"product_cat","embeddable":true,"href":"https:\/\/www.dharmaocean.org\/fr\/wp-json\/wp\/v2\/product_cat?post=257061"},{"taxonomy":"product_tag","embeddable":true,"href":"https:\/\/www.dharmaocean.org\/fr\/wp-json\/wp\/v2\/product_tag?post=257061"}],"curies":[{"name":"wp","href":"https:\/\/api.w.org\/{rel}","templated":true}]}}