{"id":257101,"date":"2023-10-20T06:24:03","date_gmt":"2023-10-20T13:24:03","guid":{"rendered":"https:\/\/www.dharmaocean.org\/?post_type=product&#038;p=257101"},"modified":"2024-05-23T19:14:19","modified_gmt":"2024-05-24T01:14:19","slug":"foundation-yanas-annual-membership","status":"publish","type":"product","link":"https:\/\/www.dharmaocean.org\/fr\/product\/foundation-yanas-annual-membership\/","title":{"rendered":"Adh\u00e9sion annuelle au plan Yanas de base"},"content":{"rendered":"<p>Ce plan d\u2019adh\u00e9sion est destin\u00e9 aux \u00e9tudiants qui d\u00e9sirent s\u2019engager dans la formation compl\u00e8te qu\u2019offre notre lign\u00e9e. Nous aspirons \u00e0 soutenir cet engagement en offrant aux membres du plan Yanas de base tous les avantages du plan Soutien, avec en prime :<\/p>\n<ul>\n<li aria-level=\"3\">un ensemble choisi de m\u00e9ditations guid\u00e9es, d\u2019enseignements, de chants, de transcriptions et d\u2019images adapt\u00e9es \u00e0 chacun des yanas du parcours\u00a0;<\/li>\n<li aria-level=\"3\">l\u2019acc\u00e8s aux archives constamment mises \u00e0 jour des enseignements de Reggie et de Caroline (25 ann\u00e9es de contenu), notamment des centaines d\u2019heures d\u2019enregistrements audio et plus de 60 enseignements archiv\u00e9s\u00a0;<\/li>\n<li>les enregistrements des retraites d\u2019introduction ;<\/li>\n<li aria-level=\"2\">\u00e0 des resources pour la pratique (par exemple des chants ou des images destin\u00e9es \u00e0 l\u2019autel)\u00a0;<\/li>\n<li aria-level=\"2\">$100 de rabais sur les formations \u00e0 rythme autonome des yana de base\u00a0;<\/li>\n<li aria-level=\"2\">25% de rabais sur tous les programmes en ligne dirig\u00e9s par un enseignant\u00a0;<\/li>\n<li aria-level=\"2\">30% de rabais sur tous les titres de la boutique de t\u00e9l\u00e9chargement de Dharma Ocean\u00a0;<\/li>\n<li aria-level=\"2\">30% de rabais sur les ouvrages de Reggie parus aux \u00e9ditions Shambhala\u00a0;<\/li>\n<li>les bulletins \u00e0 venir et l\u2019annonce de nos \u00e9v\u00e9nements\u00a0;<\/li>\n<li aria-level=\"2\">une biblioth\u00e8que d\u2019enseignements choisis et de pratiques audio\u00a0;<\/li>\n<li aria-level=\"2\">les archives audio de Dharma Ocean.<\/li>\n<\/ul>\n<p>Si vous pouvez vous le permettre, nous vous invitons \u00e0 g\u00e9n\u00e9rer du m\u00e9rite en offrant \u00e0 Dharma Ocean un soutien financier plus important. Merci de d\u00e9terminer le montant qui vous semble ad\u00e9quat.<\/p>","protected":false},"excerpt":{"rendered":"<p>This level of membership is for students who are interested in undertaking the full training offered in this lineage. We aspire to meet this level of commitment by offering Foundation [&hellip;]<\/p>\n","protected":false},"featured_media":243858,"template":"","meta":{"_et_pb_use_builder":"off","_et_pb_old_content":"\u00a0\r\n\r\n\u00a0","_et_gb_content_width":""},"product_brand":[],"product_cat":[510],"product_tag":[],"class_list":{"0":"post-257101","1":"product","2":"type-product","3":"status-publish","4":"has-post-thumbnail","6":"product_cat-annual-memberships","8":"first","9":"instock","10":"shipping-taxable","11":"purchasable","12":"product-type-variable-subscription","13":"has-default-attributes"},"yoast_head":"<!-- This site is optimized with the Yoast SEO plugin v27.5 - https:\/\/yoast.com\/product\/yoast-seo-wordpress\/ -->\n<title>Foundation Yanas Annual Membership - Dharma Ocean Foundation<\/title>\n<meta name=\"robots\" content=\"index, follow, max-snippet:-1, max-image-preview:large, max-video-preview:-1\" \/>\n<link rel=\"canonical\" href=\"https:\/\/www.dharmaocean.org\/fr\/produit\/foundation-yanas-annual-membership\/\" \/>\n<meta property=\"og:locale\" content=\"fr_FR\" \/>\n<meta property=\"og:type\" content=\"article\" \/>\n<meta property=\"og:title\" content=\"Foundation Yanas Annual Membership - Dharma Ocean Foundation\" \/>\n<meta property=\"og:description\" content=\"This level of membership is for students who are interested in undertaking the full training offered in this lineage. We aspire to meet this level of commitment by offering Foundation [&hellip;]\" \/>\n<meta property=\"og:url\" content=\"https:\/\/www.dharmaocean.org\/fr\/produit\/foundation-yanas-annual-membership\/\" \/>\n<meta property=\"og:site_name\" content=\"Dharma Ocean Foundation\" \/>\n<meta property=\"article:modified_time\" content=\"2024-05-24T01:14:19+00:00\" \/>\n<meta property=\"og:image\" content=\"https:\/\/cdn.dharmaocean.org\/online-resources\/Memberships-Training-and-Path-Foundations-Square-1-scaled.jpeg\" \/>\n\t<meta property=\"og:image:width\" content=\"2560\" \/>\n\t<meta property=\"og:image:height\" content=\"2560\" \/>\n\t<meta property=\"og:image:type\" content=\"image\/jpeg\" \/>\n<meta name=\"twitter:card\" content=\"summary_large_image\" \/>\n<meta name=\"twitter:label1\" content=\"Dur\u00e9e de lecture estim\u00e9e\" \/>\n\t<meta name=\"twitter:data1\" content=\"1 minute\" \/>\n<script type=\"application\/ld+json\" class=\"yoast-schema-graph\">{\"@context\":\"https:\\\/\\\/schema.org\",\"@graph\":[{\"@type\":\"WebPage\",\"@id\":\"https:\\\/\\\/www.dharmaocean.org\\\/product\\\/foundation-yanas-annual-membership\\\/\",\"url\":\"https:\\\/\\\/www.dharmaocean.org\\\/product\\\/foundation-yanas-annual-membership\\\/\",\"name\":\"Foundation Yanas Annual Membership - Dharma Ocean Foundation\",\"isPartOf\":{\"@id\":\"https:\\\/\\\/www.dharmaocean.org\\\/#website\"},\"primaryImageOfPage\":{\"@id\":\"https:\\\/\\\/www.dharmaocean.org\\\/product\\\/foundation-yanas-annual-membership\\\/#primaryimage\"},\"image\":{\"@id\":\"https:\\\/\\\/www.dharmaocean.org\\\/product\\\/foundation-yanas-annual-membership\\\/#primaryimage\"},\"thumbnailUrl\":\"https:\\\/\\\/cdn.dharmaocean.org\\\/online-resources\\\/Memberships-Training-and-Path-Foundations-Square-1-scaled.jpeg\",\"datePublished\":\"2023-10-20T13:24:03+00:00\",\"dateModified\":\"2024-05-24T01:14:19+00:00\",\"breadcrumb\":{\"@id\":\"https:\\\/\\\/www.dharmaocean.org\\\/product\\\/foundation-yanas-annual-membership\\\/#breadcrumb\"},\"inLanguage\":\"fr-FR\",\"potentialAction\":[{\"@type\":\"ReadAction\",\"target\":[\"https:\\\/\\\/www.dharmaocean.org\\\/product\\\/foundation-yanas-annual-membership\\\/\"]}]},{\"@type\":\"ImageObject\",\"inLanguage\":\"fr-FR\",\"@id\":\"https:\\\/\\\/www.dharmaocean.org\\\/product\\\/foundation-yanas-annual-membership\\\/#primaryimage\",\"url\":\"https:\\\/\\\/cdn.dharmaocean.org\\\/online-resources\\\/Memberships-Training-and-Path-Foundations-Square-1-scaled.jpeg\",\"contentUrl\":\"https:\\\/\\\/cdn.dharmaocean.org\\\/online-resources\\\/Memberships-Training-and-Path-Foundations-Square-1-scaled.jpeg\",\"width\":2560,\"height\":2560},{\"@type\":\"BreadcrumbList\",\"@id\":\"https:\\\/\\\/www.dharmaocean.org\\\/product\\\/foundation-yanas-annual-membership\\\/#breadcrumb\",\"itemListElement\":[{\"@type\":\"ListItem\",\"position\":1,\"name\":\"Home\",\"item\":\"https:\\\/\\\/www.dharmaocean.org\\\/\"},{\"@type\":\"ListItem\",\"position\":2,\"name\":\"Dharma Ocean Audio Store\",\"item\":\"https:\\\/\\\/www.dharmaocean.org\\\/dharma-ocean-audio-store\\\/\"},{\"@type\":\"ListItem\",\"position\":3,\"name\":\"Foundation Yanas Annual Membership\"}]},{\"@type\":\"WebSite\",\"@id\":\"https:\\\/\\\/www.dharmaocean.org\\\/#website\",\"url\":\"https:\\\/\\\/www.dharmaocean.org\\\/\",\"name\":\"Dharma Ocean Foundation\",\"description\":\"To uncover the fire of liberating wisdom in everyday life\",\"potentialAction\":[{\"@type\":\"SearchAction\",\"target\":{\"@type\":\"EntryPoint\",\"urlTemplate\":\"https:\\\/\\\/www.dharmaocean.org\\\/?s={search_term_string}\"},\"query-input\":{\"@type\":\"PropertyValueSpecification\",\"valueRequired\":true,\"valueName\":\"search_term_string\"}}],\"inLanguage\":\"fr-FR\"}]}<\/script>\n<!-- \/ Yoast SEO plugin. -->","yoast_head_json":{"title":"Foundation Yanas Annual Membership - Dharma Ocean Foundation","robots":{"index":"index","follow":"follow","max-snippet":"max-snippet:-1","max-image-preview":"max-image-preview:large","max-video-preview":"max-video-preview:-1"},"canonical":"https:\/\/www.dharmaocean.org\/fr\/produit\/foundation-yanas-annual-membership\/","og_locale":"fr_FR","og_type":"article","og_title":"Foundation Yanas Annual Membership - Dharma Ocean Foundation","og_description":"This level of membership is for students who are interested in undertaking the full training offered in this lineage. We aspire to meet this level of commitment by offering Foundation [&hellip;]","og_url":"https:\/\/www.dharmaocean.org\/fr\/produit\/foundation-yanas-annual-membership\/","og_site_name":"Dharma Ocean Foundation","article_modified_time":"2024-05-24T01:14:19+00:00","og_image":[{"width":2560,"height":2560,"url":"https:\/\/cdn.dharmaocean.org\/online-resources\/Memberships-Training-and-Path-Foundations-Square-1-scaled.jpeg","type":"image\/jpeg"}],"twitter_card":"summary_large_image","twitter_misc":{"Dur\u00e9e de lecture estim\u00e9e":"1 minute"},"schema":{"@context":"https:\/\/schema.org","@graph":[{"@type":"WebPage","@id":"https:\/\/www.dharmaocean.org\/product\/foundation-yanas-annual-membership\/","url":"https:\/\/www.dharmaocean.org\/product\/foundation-yanas-annual-membership\/","name":"Foundation Yanas Annual Membership - Dharma Ocean Foundation","isPartOf":{"@id":"https:\/\/www.dharmaocean.org\/#website"},"primaryImageOfPage":{"@id":"https:\/\/www.dharmaocean.org\/product\/foundation-yanas-annual-membership\/#primaryimage"},"image":{"@id":"https:\/\/www.dharmaocean.org\/product\/foundation-yanas-annual-membership\/#primaryimage"},"thumbnailUrl":"https:\/\/cdn.dharmaocean.org\/online-resources\/Memberships-Training-and-Path-Foundations-Square-1-scaled.jpeg","datePublished":"2023-10-20T13:24:03+00:00","dateModified":"2024-05-24T01:14:19+00:00","breadcrumb":{"@id":"https:\/\/www.dharmaocean.org\/product\/foundation-yanas-annual-membership\/#breadcrumb"},"inLanguage":"fr-FR","potentialAction":[{"@type":"ReadAction","target":["https:\/\/www.dharmaocean.org\/product\/foundation-yanas-annual-membership\/"]}]},{"@type":"ImageObject","inLanguage":"fr-FR","@id":"https:\/\/www.dharmaocean.org\/product\/foundation-yanas-annual-membership\/#primaryimage","url":"https:\/\/cdn.dharmaocean.org\/online-resources\/Memberships-Training-and-Path-Foundations-Square-1-scaled.jpeg","contentUrl":"https:\/\/cdn.dharmaocean.org\/online-resources\/Memberships-Training-and-Path-Foundations-Square-1-scaled.jpeg","width":2560,"height":2560},{"@type":"BreadcrumbList","@id":"https:\/\/www.dharmaocean.org\/product\/foundation-yanas-annual-membership\/#breadcrumb","itemListElement":[{"@type":"ListItem","position":1,"name":"Home","item":"https:\/\/www.dharmaocean.org\/"},{"@type":"ListItem","position":2,"name":"Dharma Ocean Audio Store","item":"https:\/\/www.dharmaocean.org\/dharma-ocean-audio-store\/"},{"@type":"ListItem","position":3,"name":"Foundation Yanas Annual Membership"}]},{"@type":"WebSite","@id":"https:\/\/www.dharmaocean.org\/#website","url":"https:\/\/www.dharmaocean.org\/","name":"Dharma Ocean Foundation","description":"To uncover the fire of liberating wisdom in everyday life","potentialAction":[{"@type":"SearchAction","target":{"@type":"EntryPoint","urlTemplate":"https:\/\/www.dharmaocean.org\/?s={search_term_string}"},"query-input":{"@type":"PropertyValueSpecification","valueRequired":true,"valueName":"search_term_string"}}],"inLanguage":"fr-FR"}]}},"_links":{"self":[{"href":"https:\/\/www.dharmaocean.org\/fr\/wp-json\/wp\/v2\/product\/257101","targetHints":{"allow":["GET"]}}],"collection":[{"href":"https:\/\/www.dharmaocean.org\/fr\/wp-json\/wp\/v2\/product"}],"about":[{"href":"https:\/\/www.dharmaocean.org\/fr\/wp-json\/wp\/v2\/types\/product"}],"wp:featuredmedia":[{"embeddable":true,"href":"https:\/\/www.dharmaocean.org\/fr\/wp-json\/wp\/v2\/media\/243858"}],"wp:attachment":[{"href":"https:\/\/www.dharmaocean.org\/fr\/wp-json\/wp\/v2\/media?parent=257101"}],"wp:term":[{"taxonomy":"product_brand","embeddable":true,"href":"https:\/\/www.dharmaocean.org\/fr\/wp-json\/wp\/v2\/product_brand?post=257101"},{"taxonomy":"product_cat","embeddable":true,"href":"https:\/\/www.dharmaocean.org\/fr\/wp-json\/wp\/v2\/product_cat?post=257101"},{"taxonomy":"product_tag","embeddable":true,"href":"https:\/\/www.dharmaocean.org\/fr\/wp-json\/wp\/v2\/product_tag?post=257101"}],"curies":[{"name":"wp","href":"https:\/\/api.w.org\/{rel}","templated":true}]}}