{"id":257114,"date":"2023-10-20T06:49:59","date_gmt":"2023-10-20T13:49:59","guid":{"rendered":"https:\/\/www.dharmaocean.org\/?post_type=product&#038;p=257114"},"modified":"2024-07-30T13:19:41","modified_gmt":"2024-07-30T19:19:41","slug":"sustaining-member-subscription","status":"publish","type":"product","link":"https:\/\/www.dharmaocean.org\/fr\/product\/sustaining-member-subscription\/","title":{"rendered":"Adh\u00e9sion au plan Soutien"},"content":{"rendered":"<p>Les membres du plan Soutien aident Dharma Ocean \u00e0 diffuser ses enseignements \u00e0 travers le monde. Ce plan donne acc\u00e8s\u00a0:<\/p>\n<ul>\n<li>aux enregistrements des retraites d\u2019introduction ;<\/li>\n<li aria-level=\"2\">\u00e0 des resources pour la pratique (par exemple des chants ou des images destin\u00e9es \u00e0 l\u2019autel)\u00a0;<\/li>\n<li aria-level=\"2\">10% de rabais sur tous les programmes en ligne dirig\u00e9s par un enseignant\u00a0;<\/li>\n<li aria-level=\"2\">15% de rabais sur tous les titres de la boutique de t\u00e9l\u00e9chargement de Dharma Ocean\u00a0;<\/li>\n<li aria-level=\"2\">30% de rabais sur les ouvrages de Reggie parus aux \u00e9ditions Shambhala\u00a0;<\/li>\n<li>les bulletins \u00e0 venir et l\u2019annonce de nos \u00e9v\u00e9nements\u00a0;<\/li>\n<li aria-level=\"2\">une biblioth\u00e8que d\u2019enseignements choisis et de pratiques audio\u00a0;<\/li>\n<li aria-level=\"2\">les archives audio de Dharma Ocean.<\/li>\n<\/ul>\n<p>Vous pr\u00e9f\u00e9rez payer sur une base annuelle\u00a0? Inscrivez-vous \u00e0 <a href=\"https:\/\/www.dharmaocean.org\/fr\/produit\/sustaining-member-annual-subscription\/\">l'adh\u00e9sion annuelle au plan Soutien<\/a>.<\/p>\n<p>Si vous pouvez vous le permettre, nous vous invitons \u00e0 g\u00e9n\u00e9rer du m\u00e9rite en offrant \u00e0 Dharma Ocean un soutien financier plus important. Merci de d\u00e9terminer le montant qui vous semble ad\u00e9quat.<\/p>","protected":false},"excerpt":{"rendered":"<p>Sustaining Members help Dharma Ocean widely offer teachings to people all over the world through offering monthly donations in any amount. At this membership level, students are able to access: [&hellip;]<\/p>\n","protected":false},"featured_media":243856,"template":"","meta":{"_et_pb_use_builder":"off","_et_pb_old_content":"Sustaining Members help Dharma Ocean widely offer teachings to people all over the world through offering monthly donations in any amount. At this membership level, students are able to access:\r\n<ul>\r\n \t<li>Recordings from Introductory Retreats<\/li>\r\n \t<li>Practice resources (such as shrine photos and chants)<\/li>\r\n \t<li>25% discount on tuition for all online programs and retreats<\/li>\r\n \t<li>50% discount on all titles in the Dharma Ocean download store<\/li>\r\n \t<li>Future newsletters and announcements<\/li>\r\n \t<li>Curated Teaching and Practice Audio Library<\/li>\r\n \t<li>Dharma Ocean Audio Archive<\/li>\r\n<\/ul>\r\nPrefer to pay on a yearly basis? Sign up for a <a href=\"https:\/\/www.dharmaocean.org\/product\/sustaining-member-annual-subscription\/\">Sustaining Members Annual Subscription<\/a>.\r\n\r\nIf you are financially secure, we invite you to generate merit by providing more financial support to Dharma Ocean. Please consider which amount is suitable.","_et_gb_content_width":""},"product_brand":[],"product_cat":[511],"product_tag":[],"class_list":{"0":"post-257114","1":"product","2":"type-product","3":"status-publish","4":"has-post-thumbnail","6":"product_cat-monthly-memberships","8":"first","9":"instock","10":"shipping-taxable","11":"purchasable","12":"product-type-variable-subscription","13":"has-default-attributes"},"yoast_head":"<!-- This site is optimized with the Yoast SEO plugin v27.5 - https:\/\/yoast.com\/product\/yoast-seo-wordpress\/ -->\n<title>Sustaining Member Subscription - Dharma Ocean Foundation<\/title>\n<meta name=\"robots\" content=\"index, follow, max-snippet:-1, max-image-preview:large, max-video-preview:-1\" \/>\n<link rel=\"canonical\" href=\"https:\/\/www.dharmaocean.org\/fr\/produit\/sustaining-member-subscription\/\" \/>\n<meta property=\"og:locale\" content=\"fr_FR\" \/>\n<meta property=\"og:type\" content=\"article\" \/>\n<meta property=\"og:title\" content=\"Sustaining Member Subscription - Dharma Ocean Foundation\" \/>\n<meta property=\"og:description\" content=\"Sustaining Members help Dharma Ocean widely offer teachings to people all over the world through offering monthly donations in any amount. At this membership level, students are able to access: [&hellip;]\" \/>\n<meta property=\"og:url\" content=\"https:\/\/www.dharmaocean.org\/fr\/produit\/sustaining-member-subscription\/\" \/>\n<meta property=\"og:site_name\" content=\"Dharma Ocean Foundation\" \/>\n<meta property=\"article:modified_time\" content=\"2024-07-30T19:19:41+00:00\" \/>\n<meta property=\"og:image\" content=\"https:\/\/cdn.dharmaocean.org\/online-resources\/Memberships-Sustaining-Member-Square-1.jpeg\" \/>\n\t<meta property=\"og:image:width\" content=\"2440\" \/>\n\t<meta property=\"og:image:height\" content=\"2440\" \/>\n\t<meta property=\"og:image:type\" content=\"image\/jpeg\" \/>\n<meta name=\"twitter:card\" content=\"summary_large_image\" \/>\n<meta name=\"twitter:label1\" content=\"Dur\u00e9e de lecture estim\u00e9e\" \/>\n\t<meta name=\"twitter:data1\" content=\"1 minute\" \/>\n<script type=\"application\/ld+json\" class=\"yoast-schema-graph\">{\"@context\":\"https:\\\/\\\/schema.org\",\"@graph\":[{\"@type\":\"WebPage\",\"@id\":\"https:\\\/\\\/www.dharmaocean.org\\\/product\\\/sustaining-member-subscription\\\/\",\"url\":\"https:\\\/\\\/www.dharmaocean.org\\\/product\\\/sustaining-member-subscription\\\/\",\"name\":\"Sustaining Member Subscription - Dharma Ocean Foundation\",\"isPartOf\":{\"@id\":\"https:\\\/\\\/www.dharmaocean.org\\\/#website\"},\"primaryImageOfPage\":{\"@id\":\"https:\\\/\\\/www.dharmaocean.org\\\/product\\\/sustaining-member-subscription\\\/#primaryimage\"},\"image\":{\"@id\":\"https:\\\/\\\/www.dharmaocean.org\\\/product\\\/sustaining-member-subscription\\\/#primaryimage\"},\"thumbnailUrl\":\"https:\\\/\\\/cdn.dharmaocean.org\\\/online-resources\\\/Memberships-Sustaining-Member-Square-1.jpeg\",\"datePublished\":\"2023-10-20T13:49:59+00:00\",\"dateModified\":\"2024-07-30T19:19:41+00:00\",\"breadcrumb\":{\"@id\":\"https:\\\/\\\/www.dharmaocean.org\\\/product\\\/sustaining-member-subscription\\\/#breadcrumb\"},\"inLanguage\":\"fr-FR\",\"potentialAction\":[{\"@type\":\"ReadAction\",\"target\":[\"https:\\\/\\\/www.dharmaocean.org\\\/product\\\/sustaining-member-subscription\\\/\"]}]},{\"@type\":\"ImageObject\",\"inLanguage\":\"fr-FR\",\"@id\":\"https:\\\/\\\/www.dharmaocean.org\\\/product\\\/sustaining-member-subscription\\\/#primaryimage\",\"url\":\"https:\\\/\\\/cdn.dharmaocean.org\\\/online-resources\\\/Memberships-Sustaining-Member-Square-1.jpeg\",\"contentUrl\":\"https:\\\/\\\/cdn.dharmaocean.org\\\/online-resources\\\/Memberships-Sustaining-Member-Square-1.jpeg\",\"width\":2440,\"height\":2440},{\"@type\":\"BreadcrumbList\",\"@id\":\"https:\\\/\\\/www.dharmaocean.org\\\/product\\\/sustaining-member-subscription\\\/#breadcrumb\",\"itemListElement\":[{\"@type\":\"ListItem\",\"position\":1,\"name\":\"Home\",\"item\":\"https:\\\/\\\/www.dharmaocean.org\\\/\"},{\"@type\":\"ListItem\",\"position\":2,\"name\":\"Dharma Ocean Audio Store\",\"item\":\"https:\\\/\\\/www.dharmaocean.org\\\/dharma-ocean-audio-store\\\/\"},{\"@type\":\"ListItem\",\"position\":3,\"name\":\"Sustaining Member Subscription\"}]},{\"@type\":\"WebSite\",\"@id\":\"https:\\\/\\\/www.dharmaocean.org\\\/#website\",\"url\":\"https:\\\/\\\/www.dharmaocean.org\\\/\",\"name\":\"Dharma Ocean Foundation\",\"description\":\"To uncover the fire of liberating wisdom in everyday life\",\"potentialAction\":[{\"@type\":\"SearchAction\",\"target\":{\"@type\":\"EntryPoint\",\"urlTemplate\":\"https:\\\/\\\/www.dharmaocean.org\\\/?s={search_term_string}\"},\"query-input\":{\"@type\":\"PropertyValueSpecification\",\"valueRequired\":true,\"valueName\":\"search_term_string\"}}],\"inLanguage\":\"fr-FR\"}]}<\/script>\n<!-- \/ Yoast SEO plugin. -->","yoast_head_json":{"title":"Sustaining Member Subscription - Dharma Ocean Foundation","robots":{"index":"index","follow":"follow","max-snippet":"max-snippet:-1","max-image-preview":"max-image-preview:large","max-video-preview":"max-video-preview:-1"},"canonical":"https:\/\/www.dharmaocean.org\/fr\/produit\/sustaining-member-subscription\/","og_locale":"fr_FR","og_type":"article","og_title":"Sustaining Member Subscription - Dharma Ocean Foundation","og_description":"Sustaining Members help Dharma Ocean widely offer teachings to people all over the world through offering monthly donations in any amount. At this membership level, students are able to access: [&hellip;]","og_url":"https:\/\/www.dharmaocean.org\/fr\/produit\/sustaining-member-subscription\/","og_site_name":"Dharma Ocean Foundation","article_modified_time":"2024-07-30T19:19:41+00:00","og_image":[{"url":"https:\/\/cdn.dharmaocean.org\/online-resources\/Memberships-Sustaining-Member-Square-1.jpeg","width":2440,"height":2440,"type":"image\/jpeg"}],"twitter_card":"summary_large_image","twitter_misc":{"Dur\u00e9e de lecture estim\u00e9e":"1 minute"},"schema":{"@context":"https:\/\/schema.org","@graph":[{"@type":"WebPage","@id":"https:\/\/www.dharmaocean.org\/product\/sustaining-member-subscription\/","url":"https:\/\/www.dharmaocean.org\/product\/sustaining-member-subscription\/","name":"Sustaining Member Subscription - Dharma Ocean Foundation","isPartOf":{"@id":"https:\/\/www.dharmaocean.org\/#website"},"primaryImageOfPage":{"@id":"https:\/\/www.dharmaocean.org\/product\/sustaining-member-subscription\/#primaryimage"},"image":{"@id":"https:\/\/www.dharmaocean.org\/product\/sustaining-member-subscription\/#primaryimage"},"thumbnailUrl":"https:\/\/cdn.dharmaocean.org\/online-resources\/Memberships-Sustaining-Member-Square-1.jpeg","datePublished":"2023-10-20T13:49:59+00:00","dateModified":"2024-07-30T19:19:41+00:00","breadcrumb":{"@id":"https:\/\/www.dharmaocean.org\/product\/sustaining-member-subscription\/#breadcrumb"},"inLanguage":"fr-FR","potentialAction":[{"@type":"ReadAction","target":["https:\/\/www.dharmaocean.org\/product\/sustaining-member-subscription\/"]}]},{"@type":"ImageObject","inLanguage":"fr-FR","@id":"https:\/\/www.dharmaocean.org\/product\/sustaining-member-subscription\/#primaryimage","url":"https:\/\/cdn.dharmaocean.org\/online-resources\/Memberships-Sustaining-Member-Square-1.jpeg","contentUrl":"https:\/\/cdn.dharmaocean.org\/online-resources\/Memberships-Sustaining-Member-Square-1.jpeg","width":2440,"height":2440},{"@type":"BreadcrumbList","@id":"https:\/\/www.dharmaocean.org\/product\/sustaining-member-subscription\/#breadcrumb","itemListElement":[{"@type":"ListItem","position":1,"name":"Home","item":"https:\/\/www.dharmaocean.org\/"},{"@type":"ListItem","position":2,"name":"Dharma Ocean Audio Store","item":"https:\/\/www.dharmaocean.org\/dharma-ocean-audio-store\/"},{"@type":"ListItem","position":3,"name":"Sustaining Member Subscription"}]},{"@type":"WebSite","@id":"https:\/\/www.dharmaocean.org\/#website","url":"https:\/\/www.dharmaocean.org\/","name":"Dharma Ocean Foundation","description":"To uncover the fire of liberating wisdom in everyday life","potentialAction":[{"@type":"SearchAction","target":{"@type":"EntryPoint","urlTemplate":"https:\/\/www.dharmaocean.org\/?s={search_term_string}"},"query-input":{"@type":"PropertyValueSpecification","valueRequired":true,"valueName":"search_term_string"}}],"inLanguage":"fr-FR"}]}},"_links":{"self":[{"href":"https:\/\/www.dharmaocean.org\/fr\/wp-json\/wp\/v2\/product\/257114","targetHints":{"allow":["GET"]}}],"collection":[{"href":"https:\/\/www.dharmaocean.org\/fr\/wp-json\/wp\/v2\/product"}],"about":[{"href":"https:\/\/www.dharmaocean.org\/fr\/wp-json\/wp\/v2\/types\/product"}],"wp:featuredmedia":[{"embeddable":true,"href":"https:\/\/www.dharmaocean.org\/fr\/wp-json\/wp\/v2\/media\/243856"}],"wp:attachment":[{"href":"https:\/\/www.dharmaocean.org\/fr\/wp-json\/wp\/v2\/media?parent=257114"}],"wp:term":[{"taxonomy":"product_brand","embeddable":true,"href":"https:\/\/www.dharmaocean.org\/fr\/wp-json\/wp\/v2\/product_brand?post=257114"},{"taxonomy":"product_cat","embeddable":true,"href":"https:\/\/www.dharmaocean.org\/fr\/wp-json\/wp\/v2\/product_cat?post=257114"},{"taxonomy":"product_tag","embeddable":true,"href":"https:\/\/www.dharmaocean.org\/fr\/wp-json\/wp\/v2\/product_tag?post=257114"}],"curies":[{"name":"wp","href":"https:\/\/api.w.org\/{rel}","templated":true}]}}